{"id":3,"date":"2025-11-05T09:11:30","date_gmt":"2025-11-05T09:11:30","guid":{"rendered":"https:\/\/arry.de\/?page_id=3"},"modified":"2026-02-19T11:15:53","modified_gmt":"2026-02-19T11:15:53","slug":"privacy-policy","status":"publish","type":"page","link":"https:\/\/arry.de\/?page_id=3","title":{"rendered":"Impressum und Datenschutz"},"content":{"rendered":"\n<p>Angaben gem\u00e4\u00df \u00a7 5 TMG<\/p>\n\n\n\n<p>Arry Sicherheit Gmbh &amp; Co KG i.L.<br>Starkenburgstr. 10<br>64546 <strong>M\u00f6rfelden<\/strong>-Walldorf<br>Telefon: +49 (0) 6152 977 4102<br>Fax: +49 (0) 6152 96 19 90<br>E-Mail: info@arry.de<\/p>\n\n\n\n<p>Umsatzsteuer-Identifikationsnummer gem\u00e4\u00df \u00a7 27a Umsatzsteuergesetz:<br>DE301999466<\/p>\n\n\n\n<p>Redaktionelle Verantwortung:<br>Harald Lutz<br>An der \u00d6lm\u00fchle 6<br>64572 B\u00fcttelborn-Worfelden<\/p>\n\n\n\n<p><\/p>\n\n\n\n<p><strong>Datenschutz und Haftung<\/strong>:<\/p>\n\n\n\n<p>Haftung f\u00fcr Inhalte<br>Die Inhalte unseres Webangebots werden stets mit gr\u00f6\u00dfter Sorgfalt erstellt. F\u00fcr die Richtigkeit, Vollst\u00e4ndigkeit und Aktualit\u00e4t der Inhalte wird jedoch keine Gew\u00e4hr \u00fcbernommen. Als Diensteanbieter sind wir gem\u00e4\u00df \u00a7 7 Abs.1 TMG f\u00fcr von uns erstellten Inhalten auf unseren Seiten nach den allgemeinen Gesetzen verantwortlich. Nach \u00a7\u00a7 8 bis 10 TMG sind wir jedoch nicht verpflichtet, \u00fcbermittelte oder gespeicherte externe Inhalte zu \u00fcberwachen oder nach Anhaltspunkten zu forschen, die auf eine rechtswidrige T\u00e4tigkeit hinweisen k\u00f6nnten. Verpflichtungen zur Entfernung der Nutzung oder Sperrung von Informationen nach den allgemeinen Gesetzen bleiben hiervon unber\u00fchrt. Eine diesbez\u00fcgliche Haftung ist jedoch erst ab dem Zeitpunkt der Kenntnis einer konkreten Rechtsverletzung m\u00f6glich. Bei Bekanntwerden von entsprechenden Rechtsverletzungen werden solche Inhalte umgehend entfernt.<\/p>\n\n\n\n<p>Haftung f\u00fcr Verweise (&#8222;Links&#8220;)<br>Unser Angebot enth\u00e4lt Verweise zu externen Webangeboten Dritter, auf deren Inhalte wir keinen Einfluss haben. Deshalb k\u00f6nnen wir f\u00fcr diese fremden Inhalte auch keine Gew\u00e4hr \u00fcbernehmen. F\u00fcr die Inhalte dieser Webangebote ist stets der jeweilige Anbieter oder Betreiber des Angebots verantwortlich. Solche Webangebote werden zum Zeitpunkt der Erstellung des Verweises auf m\u00f6gliche Rechtsverst\u00f6\u00dfe \u00fcberpr\u00fcft. Rechtswidrige Inhalte sind zum Zeitpunkt der Erstellung des Verweises nicht erkennbar. Eine permanente inhaltliche Kontrolle solcher externen Angebote ist jedoch ohne konkrete Anhaltspunkte einer Rechtsverletzung nicht zumutbar. Bei Bekanntwerden von Rechtsverletzungen werden solche Verweise umgehend entfernt.<\/p>\n\n\n\n<p>Urheberrecht<br>Die durch uns erstellten Inhalte und Werke auf diesem Webangebot unterliegen dem deutschen Urheberrecht. Die Vervielf\u00e4ltigung, Bearbeitung, Verbreitung und jede Art der Verwertung au\u00dferhalb der Grenzen des Urheberrechtes bed\u00fcrfen der schriftlichen Zustimmung des jeweiligen Autors bzw. Erstellers. Downloads und Kopien dieses Webangebotes sind nur f\u00fcr den privaten, nicht kommerziellen Gebrauch gestattet. Soweit Inhalte auf diesem Webangebot nicht von uns erstellt werden, beachten wir die Urheberrechte Dritter. Solche Inhalte werden entsprechend gekennzeichnet. Sollten Sie trotzdem auf eine Urheberrechtsverletzung aufmerksam werden, bitten wir um einen entsprechenden Hinweis. Trifft die Urheberrechtsverletzung zu, werden die entsprechenden Inhalte umgehend entfernt.<\/p>\n\n\n\n<p><strong>Datenschutzerkl\u00e4rung<\/strong><br>Die Nutzung unseres Webangebots ist in der Regel ohne Angabe personenbezogener Daten m\u00f6glich. Soweit auf unseren Seiten personenbezogene Daten (beispielsweise Name, Anschrift oder E-Mail-Adressen) erhoben werden, erfolgt dies, soweit m\u00f6glich, stets auf freiwilliger Basis. Diese Daten werden ohne Ihre ausdr\u00fcckliche Zustimmung nicht an Dritte weitergegeben. Der Websitebetreiber nimmt den Schutz Ihrer Daten sehr ernst und behandelt personenbezogenen Daten vertraulich und entsprechend der gesetzlichen Vorschriften.<br>Wir weisen darauf hin, dass die Daten\u00fcbertragung im Internet, wie z.B. bei der Kommunikation \u00fcber E-Mail, unverschl\u00fcsselt erfolgt und Sicherheitsl\u00fccken bestehen k\u00f6nnen. Daher ist ein l\u00fcckenloser Schutz der Daten vor dem Zugriff durch Dritte nicht m\u00f6glich.<br>Der Nutzung von im Rahmen der Impressumspflicht ver\u00f6ffentlichten Kontaktdaten durch Dritte zur \u00dcbersendung von nicht ausdr\u00fccklich angeforderter Werbung und Informationsmaterialien wird hiermit ausdr\u00fccklich widersprochen. Die Betreiber der Seiten behalten sich ausdr\u00fccklich rechtliche Schritte im Falle der unverlangten Zusendung von Werbeinformationen, etwa durch Spam-Mails, vor.<\/p>\n\n\n\n<p>Zugriffsdaten<br>Der Betreiber dieser Internetpr\u00e4senz erhebt Daten \u00fcber Zugriffe auf die Seite und speichert diese als sogenannte \u201eServerlogfiles\u201c ab. Dabei werden folgende Daten protokolliert:<\/p>\n\n\n\n<ul class=\"wp-block-list\">\n<li>Besuchte Website<\/li>\n\n\n\n<li>Uhrzeit zum Zeitpunkt des Zugriffes<\/li>\n\n\n\n<li>Menge der gesendeten Daten in Byte<\/li>\n\n\n\n<li>Quelle\/Verweis, von welchem Sie auf die Seite gelangten<\/li>\n\n\n\n<li>Verwendeter Browser<\/li>\n\n\n\n<li>Verwendetes Betriebssystem<\/li>\n\n\n\n<li>Verwendete IP-Adresse<\/li>\n<\/ul>\n\n\n\n<p>Diese Daten dienen lediglich statistischen Auswertungen und zur Verbesserung der Website. Der Websitebetreiber beh\u00e4lt sich allerdings vor, die Server-Logfiles nachtr\u00e4glich zu \u00fcberpr\u00fcfen, sollten konkrete Anhaltspunkte auf eine rechtswidrige Nutzung hindeuten.<\/p>\n\n\n\n<p>Cookies<br>Diese Website verwendet Cookies. Dabei handelt es sich um kleine Textdateien, welche auf Ihrem Endger\u00e4t gespeichert werden. Ihr Browser greift auf diese Dateien zu. Durch den Einsatz von Cookies erh\u00f6ht sich die Benutzerfreundlichkeit und Sicherheit dieser Website.<br>G\u00e4ngige Browser bieten die Einstellungsoption, Cookies nicht zuzulassen. Beachten Sie dabei, dass nicht mehr gew\u00e4hrleistet ist, dass Sie auf alle Funktionen dieser Website ohne Einschr\u00e4nkungen zugreifen k\u00f6nnen, wenn Sie entsprechende Einstellungen vornehmen.<\/p>\n\n\n\n<p>Erhobene Daten f\u00fcr den Newsletterversand<br>Der Betreiber dieses Webangebotes erhebt Daten bei der Anmeldung zum Newsletter. Die erhobenen Daten werden ausschlie\u00dflich zur Versendung dieses Newsletters verwendet und zu keinem Zeitpunkt an Dritte \u00fcbermittelt.<br>Erhoben wird immer die E-Mail-Adresse, die zum Empfang des Newsletters n\u00f6tig ist.<br>Es kann au\u00dferdem erhoben werden:<br>\u2022 Vorname<br>\u2022 Familienname<br>\u2022 Geschlecht<\/p>\n\n\n\n<p>Umgang mit Kontaktdaten<br>Nehmen Sie mit dem Betreiber dieses Webangebotes durch die angebotenen Kontaktm\u00f6glichkeiten Verbindung auf, werden Ihre Angaben gespeichert, damit auf diese zur Bearbeitung und Beantwortung Ihrer Anfrage zur\u00fcckgegriffen werden kann. Ihre Daten werden nicht an Dritte weitergegeben.<br>Rechte des Nutzers: Auskunft, Berichtigung und L\u00f6schung<br>Als Nutzer dieses Internetangebotes erhalten Sie auf Antrag Ihrerseits kostenlose Auskunft dar\u00fcber, welche personenbezogenen Daten \u00fcber Sie gespeichert wurden. Sofern Ihr Wunsch nicht mit einer gesetzlichen Pflicht zur Aufbewahrung von Daten (z. B. Vorratsdatenspeicherung) kollidiert, haben Sie ein Anrecht auf Berichtigung falscher Daten und auf die Sperrung oder L\u00f6schung Ihrer personenbezogenen Daten. Nutzen Sie hierzu die im Impressum angegebenen Kontaktdaten.<\/p>\n","protected":false},"excerpt":{"rendered":"<p>Angaben gem\u00e4\u00df \u00a7 5 TMG Arry Sicherheit Gmbh &amp; Co KG i.L.Starkenburgstr. 1064546 M\u00f6rfelden-WalldorfTelefon: +49 (0) 6152 977 4102Fax: +49 (0) 6152 96 19 90E-Mail: info@arry.de Umsatzsteuer-Identifikationsnummer gem\u00e4\u00df \u00a7 27a Umsatzsteuergesetz:DE301999466 Redaktionelle Verantwortung:Harald LutzAn der \u00d6lm\u00fchle 664572 B\u00fcttelborn-Worfelden Datenschutz und Haftung: Haftung f\u00fcr InhalteDie Inhalte unseres Webangebots werden stets mit gr\u00f6\u00dfter Sorgfalt erstellt. F\u00fcr die [&hellip;]<\/p>\n","protected":false},"author":1,"featured_media":0,"parent":0,"menu_order":0,"comment_status":"closed","ping_status":"open","template":"","meta":{"footnotes":""},"class_list":["post-3","page","type-page","status-publish","hentry"],"yoast_head":"<!-- This site is optimized with the Yoast SEO plugin v26.3 - https:\/\/yoast.com\/wordpress\/plugins\/seo\/ -->\n<title>Impressum und Datenschutz - Arry Sicherheit (Site im Aufbau)<\/title>\n<meta name=\"robots\" content=\"index, follow, max-snippet:-1, max-image-preview:large, max-video-preview:-1\" \/>\n<link rel=\"canonical\" href=\"https:\/\/arry.de\/?page_id=3\" \/>\n<meta property=\"og:locale\" content=\"de_DE\" \/>\n<meta property=\"og:type\" content=\"article\" \/>\n<meta property=\"og:title\" content=\"Impressum und Datenschutz - Arry Sicherheit (Site im Aufbau)\" \/>\n<meta property=\"og:description\" content=\"Angaben gem\u00e4\u00df \u00a7 5 TMG Arry Sicherheit Gmbh &amp; Co KG i.L.Starkenburgstr. 1064546 M\u00f6rfelden-WalldorfTelefon: +49 (0) 6152 977 4102Fax: +49 (0) 6152 96 19 90E-Mail: info@arry.de Umsatzsteuer-Identifikationsnummer gem\u00e4\u00df \u00a7 27a Umsatzsteuergesetz:DE301999466 Redaktionelle Verantwortung:Harald LutzAn der \u00d6lm\u00fchle 664572 B\u00fcttelborn-Worfelden Datenschutz und Haftung: Haftung f\u00fcr InhalteDie Inhalte unseres Webangebots werden stets mit gr\u00f6\u00dfter Sorgfalt erstellt. F\u00fcr die [&hellip;]\" \/>\n<meta property=\"og:url\" content=\"https:\/\/arry.de\/?page_id=3\" \/>\n<meta property=\"og:site_name\" content=\"Arry Sicherheit (Site im Aufbau)\" \/>\n<meta property=\"article:modified_time\" content=\"2026-02-19T11:15:53+00:00\" \/>\n<meta name=\"twitter:card\" content=\"summary_large_image\" \/>\n<meta name=\"twitter:label1\" content=\"Gesch\u00e4tzte Lesezeit\" \/>\n\t<meta name=\"twitter:data1\" content=\"5\u00a0Minuten\" \/>\n<script type=\"application\/ld+json\" class=\"yoast-schema-graph\">{\"@context\":\"https:\/\/schema.org\",\"@graph\":[{\"@type\":\"WebPage\",\"@id\":\"https:\/\/arry.de\/?page_id=3\",\"url\":\"https:\/\/arry.de\/?page_id=3\",\"name\":\"Impressum und Datenschutz - Arry Sicherheit (Site im Aufbau)\",\"isPartOf\":{\"@id\":\"https:\/\/arry.de\/#website\"},\"datePublished\":\"2025-11-05T09:11:30+00:00\",\"dateModified\":\"2026-02-19T11:15:53+00:00\",\"breadcrumb\":{\"@id\":\"https:\/\/arry.de\/?page_id=3#breadcrumb\"},\"inLanguage\":\"de\",\"potentialAction\":[{\"@type\":\"ReadAction\",\"target\":[\"https:\/\/arry.de\/?page_id=3\"]}]},{\"@type\":\"BreadcrumbList\",\"@id\":\"https:\/\/arry.de\/?page_id=3#breadcrumb\",\"itemListElement\":[{\"@type\":\"ListItem\",\"position\":1,\"name\":\"Startseite\",\"item\":\"https:\/\/arry.de\/\"},{\"@type\":\"ListItem\",\"position\":2,\"name\":\"Impressum und Datenschutz\"}]},{\"@type\":\"WebSite\",\"@id\":\"https:\/\/arry.de\/#website\",\"url\":\"https:\/\/arry.de\/\",\"name\":\"Arry Sicherheit (Site im Aufbau)\",\"description\":\"Projektierung, Schulung, Dienstleistung, Installation von Sicherheitstechnik\",\"publisher\":{\"@id\":\"https:\/\/arry.de\/#organization\"},\"potentialAction\":[{\"@type\":\"SearchAction\",\"target\":{\"@type\":\"EntryPoint\",\"urlTemplate\":\"https:\/\/arry.de\/?s={search_term_string}\"},\"query-input\":{\"@type\":\"PropertyValueSpecification\",\"valueRequired\":true,\"valueName\":\"search_term_string\"}}],\"inLanguage\":\"de\"},{\"@type\":\"Organization\",\"@id\":\"https:\/\/arry.de\/#organization\",\"name\":\"Arry Sicherheit (Site im Aufbau)\",\"url\":\"https:\/\/arry.de\/\",\"logo\":{\"@type\":\"ImageObject\",\"inLanguage\":\"de\",\"@id\":\"https:\/\/arry.de\/#\/schema\/logo\/image\/\",\"url\":\"https:\/\/arry.de\/wp-content\/uploads\/2025\/11\/arry_logo_blau_rgb_108.png\",\"contentUrl\":\"https:\/\/arry.de\/wp-content\/uploads\/2025\/11\/arry_logo_blau_rgb_108.png\",\"width\":236,\"height\":108,\"caption\":\"Arry Sicherheit (Site im Aufbau)\"},\"image\":{\"@id\":\"https:\/\/arry.de\/#\/schema\/logo\/image\/\"}}]}<\/script>\n<!-- \/ Yoast SEO plugin. -->","yoast_head_json":{"title":"Impressum und Datenschutz - Arry Sicherheit (Site im Aufbau)","robots":{"index":"index","follow":"follow","max-snippet":"max-snippet:-1","max-image-preview":"max-image-preview:large","max-video-preview":"max-video-preview:-1"},"canonical":"https:\/\/arry.de\/?page_id=3","og_locale":"de_DE","og_type":"article","og_title":"Impressum und Datenschutz - Arry Sicherheit (Site im Aufbau)","og_description":"Angaben gem\u00e4\u00df \u00a7 5 TMG Arry Sicherheit Gmbh &amp; Co KG i.L.Starkenburgstr. 1064546 M\u00f6rfelden-WalldorfTelefon: +49 (0) 6152 977 4102Fax: +49 (0) 6152 96 19 90E-Mail: info@arry.de Umsatzsteuer-Identifikationsnummer gem\u00e4\u00df \u00a7 27a Umsatzsteuergesetz:DE301999466 Redaktionelle Verantwortung:Harald LutzAn der \u00d6lm\u00fchle 664572 B\u00fcttelborn-Worfelden Datenschutz und Haftung: Haftung f\u00fcr InhalteDie Inhalte unseres Webangebots werden stets mit gr\u00f6\u00dfter Sorgfalt erstellt. F\u00fcr die [&hellip;]","og_url":"https:\/\/arry.de\/?page_id=3","og_site_name":"Arry Sicherheit (Site im Aufbau)","article_modified_time":"2026-02-19T11:15:53+00:00","twitter_card":"summary_large_image","twitter_misc":{"Gesch\u00e4tzte Lesezeit":"5\u00a0Minuten"},"schema":{"@context":"https:\/\/schema.org","@graph":[{"@type":"WebPage","@id":"https:\/\/arry.de\/?page_id=3","url":"https:\/\/arry.de\/?page_id=3","name":"Impressum und Datenschutz - Arry Sicherheit (Site im Aufbau)","isPartOf":{"@id":"https:\/\/arry.de\/#website"},"datePublished":"2025-11-05T09:11:30+00:00","dateModified":"2026-02-19T11:15:53+00:00","breadcrumb":{"@id":"https:\/\/arry.de\/?page_id=3#breadcrumb"},"inLanguage":"de","potentialAction":[{"@type":"ReadAction","target":["https:\/\/arry.de\/?page_id=3"]}]},{"@type":"BreadcrumbList","@id":"https:\/\/arry.de\/?page_id=3#breadcrumb","itemListElement":[{"@type":"ListItem","position":1,"name":"Startseite","item":"https:\/\/arry.de\/"},{"@type":"ListItem","position":2,"name":"Impressum und Datenschutz"}]},{"@type":"WebSite","@id":"https:\/\/arry.de\/#website","url":"https:\/\/arry.de\/","name":"Arry Sicherheit (Site im Aufbau)","description":"Projektierung, Schulung, Dienstleistung, Installation von Sicherheitstechnik","publisher":{"@id":"https:\/\/arry.de\/#organization"},"potentialAction":[{"@type":"SearchAction","target":{"@type":"EntryPoint","urlTemplate":"https:\/\/arry.de\/?s={search_term_string}"},"query-input":{"@type":"PropertyValueSpecification","valueRequired":true,"valueName":"search_term_string"}}],"inLanguage":"de"},{"@type":"Organization","@id":"https:\/\/arry.de\/#organization","name":"Arry Sicherheit (Site im Aufbau)","url":"https:\/\/arry.de\/","logo":{"@type":"ImageObject","inLanguage":"de","@id":"https:\/\/arry.de\/#\/schema\/logo\/image\/","url":"https:\/\/arry.de\/wp-content\/uploads\/2025\/11\/arry_logo_blau_rgb_108.png","contentUrl":"https:\/\/arry.de\/wp-content\/uploads\/2025\/11\/arry_logo_blau_rgb_108.png","width":236,"height":108,"caption":"Arry Sicherheit (Site im Aufbau)"},"image":{"@id":"https:\/\/arry.de\/#\/schema\/logo\/image\/"}}]}},"_links":{"self":[{"href":"https:\/\/arry.de\/index.php?rest_route=\/wp\/v2\/pages\/3","targetHints":{"allow":["GET"]}}],"collection":[{"href":"https:\/\/arry.de\/index.php?rest_route=\/wp\/v2\/pages"}],"about":[{"href":"https:\/\/arry.de\/index.php?rest_route=\/wp\/v2\/types\/page"}],"author":[{"embeddable":true,"href":"https:\/\/arry.de\/index.php?rest_route=\/wp\/v2\/users\/1"}],"replies":[{"embeddable":true,"href":"https:\/\/arry.de\/index.php?rest_route=%2Fwp%2Fv2%2Fcomments&post=3"}],"version-history":[{"count":2,"href":"https:\/\/arry.de\/index.php?rest_route=\/wp\/v2\/pages\/3\/revisions"}],"predecessor-version":[{"id":28,"href":"https:\/\/arry.de\/index.php?rest_route=\/wp\/v2\/pages\/3\/revisions\/28"}],"wp:attachment":[{"href":"https:\/\/arry.de\/index.php?rest_route=%2Fwp%2Fv2%2Fmedia&parent=3"}],"curies":[{"name":"wp","href":"https:\/\/api.w.org\/{rel}","templated":true}]}}